{"id":567,"date":"2020-08-13T17:29:45","date_gmt":"2020-08-13T17:29:45","guid":{"rendered":"https:\/\/cinematikos.com\/?page_id=567"},"modified":"2024-09-16T11:33:11","modified_gmt":"2024-09-16T09:33:11","slug":"lo-bueno-y-lo-malo","status":"publish","type":"page","link":"https:\/\/cinematikos.com\/en\/","title":{"rendered":"LO BUENO Y LO MALO"},"content":{"rendered":"<h2 class=\"wp-block-heading has-text-align-center\"><strong>DESCUBRE LAS MEJORES Y LAS PEORES PEL\u00cdCULAS AQU\u00cd.<\/strong><\/h2>\n\n\n\n<br>\n\n\n\n<h3 class=\"wp-block-heading\">LAS MEJORES<\/h3>\n\n\n\n<p class=\"has-text-align-center has-medium-font-size\">Son esas pel\u00edculas que al terminar de verlas te explota la cabeza. O lloras. O te quedas at\u00f3nito. Da igual el sentimiento que sea. Son cintas que te hacen sentir distintas cosas. Un viaje desde el principio hasta el final.<\/p>\n\n\n\n<figure class=\"wp-block-image aligncenter size-large\"><img fetchpriority=\"high\" decoding=\"async\" width=\"498\" height=\"270\" src=\"https:\/\/cinematikos.com\/wp-content\/uploads\/2020\/08\/bb8.gif\" alt=\"\" class=\"wp-image-573\"\/><\/figure>\n\n\n\n<div class=\"wp-block-buttons alignwide is-content-justification-center is-layout-flex wp-container-core-buttons-is-layout-a89b3969 wp-block-buttons-is-layout-flex\">\n<div class=\"wp-block-button is-style-outline is-style-outline--2\"><a class=\"wp-block-button__link has-very-light-gray-color has-vivid-green-cyan-background-color has-text-color has-background wp-element-button\" href=\"https:\/\/cinematikos.com\/en\/category\/lo-mejor\/\">Dame lo mejor de lo mejor, anda.<\/a><\/div>\n<\/div>\n\n\n\n<br>\n\n\n\n<h3 class=\"wp-block-heading\">LAS PEORES<\/h3>\n\n\n\n<p class=\"has-text-align-center has-medium-font-size\">Son esas pel\u00edculas que no te las vuelves a ver ni pagando. Ni harto copas. Tan nefastas, tan absurdas; que deseas poder borrar esa experiencia cerebro-abrasadora de tu mente.<\/p>\n\n\n\n<figure class=\"wp-block-image aligncenter size-large\"><img decoding=\"async\" width=\"480\" height=\"338\" src=\"https:\/\/cinematikos.com\/wp-content\/uploads\/2020\/09\/lo-malo.gif\" alt=\"\" class=\"wp-image-692\"\/><\/figure>\n\n\n\n<div class=\"wp-block-buttons is-content-justification-center is-layout-flex wp-container-core-buttons-is-layout-a89b3969 wp-block-buttons-is-layout-flex\">\n<div class=\"wp-block-button is-style-outline is-style-outline--3\"><a class=\"wp-block-button__link has-very-light-gray-color has-vivid-red-background-color has-text-color has-background wp-element-button\" href=\"https:\/\/cinematikos.com\/en\/category\/lo-peor\/\">Venga, me arriesgo. Mi d\u00eda no puede ir a peor.<\/a><\/div>\n<\/div>\n\n\n\n<p><\/p>","protected":false},"excerpt":{"rendered":"<p>DESCUBRE LAS MEJORES Y LAS PEORES PEL\u00cdCULAS AQU\u00cd. LAS MEJORES Son esas pel\u00edculas que al<\/p>","protected":false},"author":1,"featured_media":0,"parent":0,"menu_order":0,"comment_status":"closed","ping_status":"closed","template":"","meta":{"footnotes":""},"class_list":["post-567","page","type-page","status-publish","hentry"],"yoast_head":"<!-- This site is optimized with the Yoast SEO plugin v27.3 - https:\/\/yoast.com\/product\/yoast-seo-wordpress\/ -->\n<title>LO BUENO Y LO MALO - CINEMATIKOS<\/title>\n<meta name=\"robots\" content=\"index, follow, max-snippet:-1, max-image-preview:large, max-video-preview:-1\" \/>\n<link rel=\"canonical\" href=\"https:\/\/cinematikos.com\/en\/\" \/>\n<meta property=\"og:locale\" content=\"en_US\" \/>\n<meta property=\"og:type\" content=\"article\" \/>\n<meta property=\"og:title\" content=\"LO BUENO Y LO MALO - CINEMATIKOS\" \/>\n<meta property=\"og:description\" content=\"DESCUBRE LAS MEJORES Y LAS PEORES PEL\u00cdCULAS AQU\u00cd. LAS MEJORES Son esas pel\u00edculas que al\" \/>\n<meta property=\"og:url\" content=\"https:\/\/cinematikos.com\/en\/\" \/>\n<meta property=\"og:site_name\" content=\"CINEMATIKOS\" \/>\n<meta property=\"article:modified_time\" content=\"2024-09-16T09:33:11+00:00\" \/>\n<meta property=\"og:image\" content=\"https:\/\/cinematikos.com\/wp-content\/uploads\/2020\/08\/bb8.gif\" \/>\n<meta name=\"twitter:card\" content=\"summary_large_image\" \/>\n<meta name=\"twitter:label1\" content=\"Est. reading time\" \/>\n\t<meta name=\"twitter:data1\" content=\"1 minute\" \/>\n<script type=\"application\/ld+json\" class=\"yoast-schema-graph\">{\"@context\":\"https:\\\/\\\/schema.org\",\"@graph\":[{\"@type\":\"WebPage\",\"@id\":\"https:\\\/\\\/cinematikos.com\\\/\",\"url\":\"https:\\\/\\\/cinematikos.com\\\/\",\"name\":\"LO BUENO Y LO MALO - CINEMATIKOS\",\"isPartOf\":{\"@id\":\"https:\\\/\\\/cinematikos.com\\\/#website\"},\"primaryImageOfPage\":{\"@id\":\"https:\\\/\\\/cinematikos.com\\\/#primaryimage\"},\"image\":{\"@id\":\"https:\\\/\\\/cinematikos.com\\\/#primaryimage\"},\"thumbnailUrl\":\"https:\\\/\\\/cinematikos.com\\\/wp-content\\\/uploads\\\/2020\\\/08\\\/bb8.gif\",\"datePublished\":\"2020-08-13T17:29:45+00:00\",\"dateModified\":\"2024-09-16T09:33:11+00:00\",\"breadcrumb\":{\"@id\":\"https:\\\/\\\/cinematikos.com\\\/#breadcrumb\"},\"inLanguage\":\"en-US\",\"potentialAction\":[{\"@type\":\"ReadAction\",\"target\":[\"https:\\\/\\\/cinematikos.com\\\/\"]}]},{\"@type\":\"ImageObject\",\"inLanguage\":\"en-US\",\"@id\":\"https:\\\/\\\/cinematikos.com\\\/#primaryimage\",\"url\":\"https:\\\/\\\/cinematikos.com\\\/wp-content\\\/uploads\\\/2020\\\/08\\\/bb8.gif\",\"contentUrl\":\"https:\\\/\\\/cinematikos.com\\\/wp-content\\\/uploads\\\/2020\\\/08\\\/bb8.gif\"},{\"@type\":\"BreadcrumbList\",\"@id\":\"https:\\\/\\\/cinematikos.com\\\/#breadcrumb\",\"itemListElement\":[{\"@type\":\"ListItem\",\"position\":1,\"name\":\"Portada\",\"item\":\"https:\\\/\\\/cinematikos.com\\\/\"},{\"@type\":\"ListItem\",\"position\":2,\"name\":\"LO BUENO Y LO MALO\"}]},{\"@type\":\"WebSite\",\"@id\":\"https:\\\/\\\/cinematikos.com\\\/#website\",\"url\":\"https:\\\/\\\/cinematikos.com\\\/\",\"name\":\"Cinematikos - Lo mejor y lo peor\",\"description\":\"\",\"publisher\":{\"@id\":\"https:\\\/\\\/cinematikos.com\\\/#\\\/schema\\\/person\\\/48a314e442ae234a418082808ba11960\"},\"potentialAction\":[{\"@type\":\"SearchAction\",\"target\":{\"@type\":\"EntryPoint\",\"urlTemplate\":\"https:\\\/\\\/cinematikos.com\\\/?s={search_term_string}\"},\"query-input\":{\"@type\":\"PropertyValueSpecification\",\"valueRequired\":true,\"valueName\":\"search_term_string\"}}],\"inLanguage\":\"en-US\"},{\"@type\":[\"Person\",\"Organization\"],\"@id\":\"https:\\\/\\\/cinematikos.com\\\/#\\\/schema\\\/person\\\/48a314e442ae234a418082808ba11960\",\"name\":\"Cinematikos\",\"image\":{\"@type\":\"ImageObject\",\"inLanguage\":\"en-US\",\"@id\":\"https:\\\/\\\/secure.gravatar.com\\\/avatar\\\/710bb2126e385438035119a77e161381f9aa64fa9e86758c7ff10416852768b8?s=96&d=mm&r=g\",\"url\":\"https:\\\/\\\/secure.gravatar.com\\\/avatar\\\/710bb2126e385438035119a77e161381f9aa64fa9e86758c7ff10416852768b8?s=96&d=mm&r=g\",\"contentUrl\":\"https:\\\/\\\/secure.gravatar.com\\\/avatar\\\/710bb2126e385438035119a77e161381f9aa64fa9e86758c7ff10416852768b8?s=96&d=mm&r=g\",\"caption\":\"Cinematikos\"},\"logo\":{\"@id\":\"https:\\\/\\\/secure.gravatar.com\\\/avatar\\\/710bb2126e385438035119a77e161381f9aa64fa9e86758c7ff10416852768b8?s=96&d=mm&r=g\"},\"sameAs\":[\"https:\\\/\\\/cinematikos.com\"]}]}<\/script>\n<!-- \/ Yoast SEO plugin. -->","yoast_head_json":{"title":"LO BUENO Y LO MALO - CINEMATIKOS","robots":{"index":"index","follow":"follow","max-snippet":"max-snippet:-1","max-image-preview":"max-image-preview:large","max-video-preview":"max-video-preview:-1"},"canonical":"https:\/\/cinematikos.com\/en\/","og_locale":"en_US","og_type":"article","og_title":"LO BUENO Y LO MALO - CINEMATIKOS","og_description":"DESCUBRE LAS MEJORES Y LAS PEORES PEL\u00cdCULAS AQU\u00cd. LAS MEJORES Son esas pel\u00edculas que al","og_url":"https:\/\/cinematikos.com\/en\/","og_site_name":"CINEMATIKOS","article_modified_time":"2024-09-16T09:33:11+00:00","og_image":[{"url":"https:\/\/cinematikos.com\/wp-content\/uploads\/2020\/08\/bb8.gif","type":"","width":"","height":""}],"twitter_card":"summary_large_image","twitter_misc":{"Est. reading time":"1 minute"},"schema":{"@context":"https:\/\/schema.org","@graph":[{"@type":"WebPage","@id":"https:\/\/cinematikos.com\/","url":"https:\/\/cinematikos.com\/","name":"LO BUENO Y LO MALO - CINEMATIKOS","isPartOf":{"@id":"https:\/\/cinematikos.com\/#website"},"primaryImageOfPage":{"@id":"https:\/\/cinematikos.com\/#primaryimage"},"image":{"@id":"https:\/\/cinematikos.com\/#primaryimage"},"thumbnailUrl":"https:\/\/cinematikos.com\/wp-content\/uploads\/2020\/08\/bb8.gif","datePublished":"2020-08-13T17:29:45+00:00","dateModified":"2024-09-16T09:33:11+00:00","breadcrumb":{"@id":"https:\/\/cinematikos.com\/#breadcrumb"},"inLanguage":"en-US","potentialAction":[{"@type":"ReadAction","target":["https:\/\/cinematikos.com\/"]}]},{"@type":"ImageObject","inLanguage":"en-US","@id":"https:\/\/cinematikos.com\/#primaryimage","url":"https:\/\/cinematikos.com\/wp-content\/uploads\/2020\/08\/bb8.gif","contentUrl":"https:\/\/cinematikos.com\/wp-content\/uploads\/2020\/08\/bb8.gif"},{"@type":"BreadcrumbList","@id":"https:\/\/cinematikos.com\/#breadcrumb","itemListElement":[{"@type":"ListItem","position":1,"name":"Portada","item":"https:\/\/cinematikos.com\/"},{"@type":"ListItem","position":2,"name":"LO BUENO Y LO MALO"}]},{"@type":"WebSite","@id":"https:\/\/cinematikos.com\/#website","url":"https:\/\/cinematikos.com\/","name":"Cinematikos - Lo mejor y lo peor","description":"","publisher":{"@id":"https:\/\/cinematikos.com\/#\/schema\/person\/48a314e442ae234a418082808ba11960"},"potentialAction":[{"@type":"SearchAction","target":{"@type":"EntryPoint","urlTemplate":"https:\/\/cinematikos.com\/?s={search_term_string}"},"query-input":{"@type":"PropertyValueSpecification","valueRequired":true,"valueName":"search_term_string"}}],"inLanguage":"en-US"},{"@type":["Person","Organization"],"@id":"https:\/\/cinematikos.com\/#\/schema\/person\/48a314e442ae234a418082808ba11960","name":"Cinematikos","image":{"@type":"ImageObject","inLanguage":"en-US","@id":"https:\/\/secure.gravatar.com\/avatar\/710bb2126e385438035119a77e161381f9aa64fa9e86758c7ff10416852768b8?s=96&d=mm&r=g","url":"https:\/\/secure.gravatar.com\/avatar\/710bb2126e385438035119a77e161381f9aa64fa9e86758c7ff10416852768b8?s=96&d=mm&r=g","contentUrl":"https:\/\/secure.gravatar.com\/avatar\/710bb2126e385438035119a77e161381f9aa64fa9e86758c7ff10416852768b8?s=96&d=mm&r=g","caption":"Cinematikos"},"logo":{"@id":"https:\/\/secure.gravatar.com\/avatar\/710bb2126e385438035119a77e161381f9aa64fa9e86758c7ff10416852768b8?s=96&d=mm&r=g"},"sameAs":["https:\/\/cinematikos.com"]}]}},"_links":{"self":[{"href":"https:\/\/cinematikos.com\/en\/wp-json\/wp\/v2\/pages\/567","targetHints":{"allow":["GET"]}}],"collection":[{"href":"https:\/\/cinematikos.com\/en\/wp-json\/wp\/v2\/pages"}],"about":[{"href":"https:\/\/cinematikos.com\/en\/wp-json\/wp\/v2\/types\/page"}],"author":[{"embeddable":true,"href":"https:\/\/cinematikos.com\/en\/wp-json\/wp\/v2\/users\/1"}],"replies":[{"embeddable":true,"href":"https:\/\/cinematikos.com\/en\/wp-json\/wp\/v2\/comments?post=567"}],"version-history":[{"count":9,"href":"https:\/\/cinematikos.com\/en\/wp-json\/wp\/v2\/pages\/567\/revisions"}],"predecessor-version":[{"id":988,"href":"https:\/\/cinematikos.com\/en\/wp-json\/wp\/v2\/pages\/567\/revisions\/988"}],"wp:attachment":[{"href":"https:\/\/cinematikos.com\/en\/wp-json\/wp\/v2\/media?parent=567"}],"curies":[{"name":"wp","href":"https:\/\/api.w.org\/{rel}","templated":true}]}}