{"id":517,"date":"2020-08-12T18:11:41","date_gmt":"2020-08-12T18:11:41","guid":{"rendered":"https:\/\/cinematikos.com\/?page_id=517"},"modified":"2020-08-13T17:46:09","modified_gmt":"2020-08-13T17:46:09","slug":"acerca-de-cinematikos","status":"publish","type":"page","link":"https:\/\/cinematikos.com\/en\/acerca-de-cinematikos","title":{"rendered":"ACERCA DE CINEMATIKOS"},"content":{"rendered":"<h2 class=\"has-text-align-center wp-block-heading\"><strong>\u00bfQUI\u00c9N SE ENCARGA DE CINEMATIKOS?<\/strong><\/h2>\n\n\n\n<br>\n\n\n\n<p class=\"has-medium-font-size\">Ninguna pel\u00edcula es perfecta. Ni una sola. Todas tienen sus defectos, los cuales podemos pasar por encima; o al contrario, dejar que nos devoren por dentro y sacarnos de la historia. \u00bfEsto significa que una pel\u00edcula de 10\/10 pueda no tener errores? Por supuesto que no. Lo que pasa es que los puntos fuertes de la cinta son tan buenos, tan indescriptibles en cuanto a lo que te hacen sentir; que uno es capaz de obviar sus defectos. Pues Cinematikos va un poco de esto. <\/p>\n\n\n\n<p class=\"has-medium-font-size\">Soy Alberto, y no pretendo ir de cr\u00edtico de cine ni nada por el estilo. Simplemente soy alguien a quien las pel\u00edculas le gustan bastante y cree que muchas veces la gente las infravalora, o sobrevalora. Todo depende de cada uno y ah\u00ed est\u00e1 la gracia de todo este asunto. Quiz\u00e1s te encuentras con que algunas pel\u00edculas tienen demasiada buena nota para lo que son; o quiz\u00e1s todo lo contrario. La vida es extra\u00f1a.<\/p>\n\n\n\n<p class=\"has-medium-font-size\">Esto no es nada m\u00e1s que un pasatiempo en el que intentar\u00e9 ser lo m\u00e1s regular posible. Ver historias salir de la mente de directores a la gran pantalla es algo que me encanta, y que creo que debemos agradecer tener esta oportunidad. <a href=\"https:\/\/cinematikos.com\/en\/\" target=\"_blank\" aria-label=\"undefined (abre en una nueva pesta\u00f1a)\" rel=\"noreferrer noopener\">Cinematikos <\/a>est\u00e1 pensado para esa gente que lo \u00fanico que desea es poder hablar de sus pel\u00edculas favoritas sin parar.<\/p>\n\n\n\n<p class=\"has-medium-font-size\">Si por lo que sea te interesar\u00eda saber algo m\u00e1s acerca de mi persona, me puedes seguir en <a aria-label=\"undefined (abre en una nueva pesta\u00f1a)\" href=\"https:\/\/twitter.com\/albesquivias\" target=\"_blank\" rel=\"noreferrer noopener\">Twitter <\/a>o en <a aria-label=\"undefined (abre en una nueva pesta\u00f1a)\" href=\"https:\/\/www.instagram.com\/albesquivias\/\" target=\"_blank\" rel=\"noreferrer noopener\">Instagram<\/a>. Estamos en un pa\u00eds libre. Publico cosas personales, algo alejado de lo que subo en la cuenta de Cinematikos.<\/p>\n\n\n\n<p class=\"has-medium-font-size\">Y de paso, tambi\u00e9n sigue a Cinematikos en estas dos redes sociales.<\/p>\n\n\n\n<ul class=\"wp-block-social-links is-layout-flex wp-block-social-links-is-layout-flex\">\n\n\n\n<li class=\"wp-social-link wp-social-link-twitter  wp-block-social-link\"><a href=\"https:\/\/twitter.com\/cinematikos\" class=\"wp-block-social-link-anchor\"><svg width=\"24\" height=\"24\" viewbox=\"0 0 24 24\" version=\"1.1\" xmlns=\"http:\/\/www.w3.org\/2000\/svg\" aria-hidden=\"true\" focusable=\"false\"><path d=\"M22.23,5.924c-0.736,0.326-1.527,0.547-2.357,0.646c0.847-0.508,1.498-1.312,1.804-2.27 c-0.793,0.47-1.671,0.812-2.606,0.996C18.324,4.498,17.257,4,16.077,4c-2.266,0-4.103,1.837-4.103,4.103 c0,0.322,0.036,0.635,0.106,0.935C8.67,8.867,5.647,7.234,3.623,4.751C3.27,5.357,3.067,6.062,3.067,6.814 c0,1.424,0.724,2.679,1.825,3.415c-0.673-0.021-1.305-0.206-1.859-0.513c0,0.017,0,0.034,0,0.052c0,1.988,1.414,3.647,3.292,4.023 c-0.344,0.094-0.707,0.144-1.081,0.144c-0.264,0-0.521-0.026-0.772-0.074c0.522,1.63,2.038,2.816,3.833,2.85 c-1.404,1.1-3.174,1.756-5.096,1.756c-0.331,0-0.658-0.019-0.979-0.057c1.816,1.164,3.973,1.843,6.29,1.843 c7.547,0,11.675-6.252,11.675-11.675c0-0.178-0.004-0.355-0.012-0.531C20.985,7.47,21.68,6.747,22.23,5.924z\"><\/path><\/svg><span class=\"wp-block-social-link-label screen-reader-text\">Twitter<\/span><\/a><\/li>\n\n<li class=\"wp-social-link wp-social-link-instagram  wp-block-social-link\"><a href=\"https:\/\/www.instagram.com\/cinematikos_\/\" class=\"wp-block-social-link-anchor\"><svg width=\"24\" height=\"24\" viewbox=\"0 0 24 24\" version=\"1.1\" xmlns=\"http:\/\/www.w3.org\/2000\/svg\" aria-hidden=\"true\" focusable=\"false\"><path d=\"M12,4.622c2.403,0,2.688,0.009,3.637,0.052c0.877,0.04,1.354,0.187,1.671,0.31c0.42,0.163,0.72,0.358,1.035,0.673 c0.315,0.315,0.51,0.615,0.673,1.035c0.123,0.317,0.27,0.794,0.31,1.671c0.043,0.949,0.052,1.234,0.052,3.637 s-0.009,2.688-0.052,3.637c-0.04,0.877-0.187,1.354-0.31,1.671c-0.163,0.42-0.358,0.72-0.673,1.035 c-0.315,0.315-0.615,0.51-1.035,0.673c-0.317,0.123-0.794,0.27-1.671,0.31c-0.949,0.043-1.233,0.052-3.637,0.052 s-2.688-0.009-3.637-0.052c-0.877-0.04-1.354-0.187-1.671-0.31c-0.42-0.163-0.72-0.358-1.035-0.673 c-0.315-0.315-0.51-0.615-0.673-1.035c-0.123-0.317-0.27-0.794-0.31-1.671C4.631,14.688,4.622,14.403,4.622,12 s0.009-2.688,0.052-3.637c0.04-0.877,0.187-1.354,0.31-1.671c0.163-0.42,0.358-0.72,0.673-1.035 c0.315-0.315,0.615-0.51,1.035-0.673c0.317-0.123,0.794-0.27,1.671-0.31C9.312,4.631,9.597,4.622,12,4.622 M12,3 C9.556,3,9.249,3.01,8.289,3.054C7.331,3.098,6.677,3.25,6.105,3.472C5.513,3.702,5.011,4.01,4.511,4.511 c-0.5,0.5-0.808,1.002-1.038,1.594C3.25,6.677,3.098,7.331,3.054,8.289C3.01,9.249,3,9.556,3,12c0,2.444,0.01,2.751,0.054,3.711 c0.044,0.958,0.196,1.612,0.418,2.185c0.23,0.592,0.538,1.094,1.038,1.594c0.5,0.5,1.002,0.808,1.594,1.038 c0.572,0.222,1.227,0.375,2.185,0.418C9.249,20.99,9.556,21,12,21s2.751-0.01,3.711-0.054c0.958-0.044,1.612-0.196,2.185-0.418 c0.592-0.23,1.094-0.538,1.594-1.038c0.5-0.5,0.808-1.002,1.038-1.594c0.222-0.572,0.375-1.227,0.418-2.185 C20.99,14.751,21,14.444,21,12s-0.01-2.751-0.054-3.711c-0.044-0.958-0.196-1.612-0.418-2.185c-0.23-0.592-0.538-1.094-1.038-1.594 c-0.5-0.5-1.002-0.808-1.594-1.038c-0.572-0.222-1.227-0.375-2.185-0.418C14.751,3.01,14.444,3,12,3L12,3z M12,7.378 c-2.552,0-4.622,2.069-4.622,4.622S9.448,16.622,12,16.622s4.622-2.069,4.622-4.622S14.552,7.378,12,7.378z M12,15 c-1.657,0-3-1.343-3-3s1.343-3,3-3s3,1.343,3,3S13.657,15,12,15z M16.804,6.116c-0.596,0-1.08,0.484-1.08,1.08 s0.484,1.08,1.08,1.08c0.596,0,1.08-0.484,1.08-1.08S17.401,6.116,16.804,6.116z\"><\/path><\/svg><span class=\"wp-block-social-link-label screen-reader-text\">Instagram<\/span><\/a><\/li>\n\n\n\n<\/ul>\n\n\n\n<p class=\"has-medium-font-size\">Viva el cine.<\/p>\n\n\n\n<figure class=\"wp-block-image size-large\"><img fetchpriority=\"high\" decoding=\"async\" width=\"600\" height=\"200\" src=\"https:\/\/cinematikos.com\/wp-content\/uploads\/2020\/07\/CINEMATIKOS-2.png\" alt=\"\" class=\"wp-image-160\" srcset=\"https:\/\/cinematikos.com\/wp-content\/uploads\/2020\/07\/CINEMATIKOS-2.png 600w, https:\/\/cinematikos.com\/wp-content\/uploads\/2020\/07\/CINEMATIKOS-2-300x100.png 300w\" sizes=\"(max-width: 600px) 100vw, 600px\" \/><\/figure>","protected":false},"excerpt":{"rendered":"<p>\u00bfQUI\u00c9N SE ENCARGA DE CINEMATIKOS? Ninguna pel\u00edcula es perfecta. Ni una sola. Todas tienen sus<\/p>","protected":false},"author":1,"featured_media":0,"parent":0,"menu_order":0,"comment_status":"closed","ping_status":"closed","template":"","meta":{"footnotes":""},"class_list":["post-517","page","type-page","status-publish","hentry"],"yoast_head":"<!-- This site is optimized with the Yoast SEO plugin v27.3 - https:\/\/yoast.com\/product\/yoast-seo-wordpress\/ -->\n<title>Acerca de Cinematikos - Cinematikos<\/title>\n<meta name=\"description\" content=\"Ninguna pel\u00edcula es perfecta. Cinematikos est\u00e1 pensado para esa gente que lo \u00fanico que desea es poder hablar de sus pel\u00edculas favoritas sin parar.\" \/>\n<meta name=\"robots\" content=\"index, follow, max-snippet:-1, max-image-preview:large, max-video-preview:-1\" \/>\n<link rel=\"canonical\" href=\"https:\/\/cinematikos.com\/en\/acerca-de-cinematikos\/\" \/>\n<meta property=\"og:locale\" content=\"en_US\" \/>\n<meta property=\"og:type\" content=\"article\" \/>\n<meta property=\"og:title\" content=\"Acerca de Cinematikos - Cinematikos\" \/>\n<meta property=\"og:description\" content=\"Ninguna pel\u00edcula es perfecta. Cinematikos est\u00e1 pensado para esa gente que lo \u00fanico que desea es poder hablar de sus pel\u00edculas favoritas sin parar.\" \/>\n<meta property=\"og:url\" content=\"https:\/\/cinematikos.com\/en\/acerca-de-cinematikos\/\" \/>\n<meta property=\"og:site_name\" content=\"CINEMATIKOS\" \/>\n<meta property=\"article:modified_time\" content=\"2020-08-13T17:46:09+00:00\" \/>\n<meta property=\"og:image\" content=\"https:\/\/cinematikos.com\/wp-content\/uploads\/2020\/07\/CINEMATIKOS-2.png\" \/>\n<meta name=\"twitter:card\" content=\"summary_large_image\" \/>\n<meta name=\"twitter:label1\" content=\"Est. reading time\" \/>\n\t<meta name=\"twitter:data1\" content=\"1 minute\" \/>\n<script type=\"application\/ld+json\" class=\"yoast-schema-graph\">{\"@context\":\"https:\\\/\\\/schema.org\",\"@graph\":[{\"@type\":\"WebPage\",\"@id\":\"https:\\\/\\\/cinematikos.com\\\/acerca-de-cinematikos\",\"url\":\"https:\\\/\\\/cinematikos.com\\\/acerca-de-cinematikos\",\"name\":\"Acerca de Cinematikos - Cinematikos\",\"isPartOf\":{\"@id\":\"https:\\\/\\\/cinematikos.com\\\/#website\"},\"primaryImageOfPage\":{\"@id\":\"https:\\\/\\\/cinematikos.com\\\/acerca-de-cinematikos#primaryimage\"},\"image\":{\"@id\":\"https:\\\/\\\/cinematikos.com\\\/acerca-de-cinematikos#primaryimage\"},\"thumbnailUrl\":\"https:\\\/\\\/cinematikos.com\\\/wp-content\\\/uploads\\\/2020\\\/07\\\/CINEMATIKOS-2.png\",\"datePublished\":\"2020-08-12T18:11:41+00:00\",\"dateModified\":\"2020-08-13T17:46:09+00:00\",\"description\":\"Ninguna pel\u00edcula es perfecta. Cinematikos est\u00e1 pensado para esa gente que lo \u00fanico que desea es poder hablar de sus pel\u00edculas favoritas sin parar.\",\"breadcrumb\":{\"@id\":\"https:\\\/\\\/cinematikos.com\\\/acerca-de-cinematikos#breadcrumb\"},\"inLanguage\":\"en-US\",\"potentialAction\":[{\"@type\":\"ReadAction\",\"target\":[\"https:\\\/\\\/cinematikos.com\\\/acerca-de-cinematikos\"]}]},{\"@type\":\"ImageObject\",\"inLanguage\":\"en-US\",\"@id\":\"https:\\\/\\\/cinematikos.com\\\/acerca-de-cinematikos#primaryimage\",\"url\":\"https:\\\/\\\/cinematikos.com\\\/wp-content\\\/uploads\\\/2020\\\/07\\\/CINEMATIKOS-2.png\",\"contentUrl\":\"https:\\\/\\\/cinematikos.com\\\/wp-content\\\/uploads\\\/2020\\\/07\\\/CINEMATIKOS-2.png\"},{\"@type\":\"BreadcrumbList\",\"@id\":\"https:\\\/\\\/cinematikos.com\\\/acerca-de-cinematikos#breadcrumb\",\"itemListElement\":[{\"@type\":\"ListItem\",\"position\":1,\"name\":\"Portada\",\"item\":\"https:\\\/\\\/cinematikos.com\\\/\"},{\"@type\":\"ListItem\",\"position\":2,\"name\":\"ACERCA DE CINEMATIKOS\"}]},{\"@type\":\"WebSite\",\"@id\":\"https:\\\/\\\/cinematikos.com\\\/#website\",\"url\":\"https:\\\/\\\/cinematikos.com\\\/\",\"name\":\"Cinematikos - Lo mejor y lo peor\",\"description\":\"\",\"publisher\":{\"@id\":\"https:\\\/\\\/cinematikos.com\\\/#\\\/schema\\\/person\\\/48a314e442ae234a418082808ba11960\"},\"potentialAction\":[{\"@type\":\"SearchAction\",\"target\":{\"@type\":\"EntryPoint\",\"urlTemplate\":\"https:\\\/\\\/cinematikos.com\\\/?s={search_term_string}\"},\"query-input\":{\"@type\":\"PropertyValueSpecification\",\"valueRequired\":true,\"valueName\":\"search_term_string\"}}],\"inLanguage\":\"en-US\"},{\"@type\":[\"Person\",\"Organization\"],\"@id\":\"https:\\\/\\\/cinematikos.com\\\/#\\\/schema\\\/person\\\/48a314e442ae234a418082808ba11960\",\"name\":\"Cinematikos\",\"image\":{\"@type\":\"ImageObject\",\"inLanguage\":\"en-US\",\"@id\":\"https:\\\/\\\/secure.gravatar.com\\\/avatar\\\/710bb2126e385438035119a77e161381f9aa64fa9e86758c7ff10416852768b8?s=96&d=mm&r=g\",\"url\":\"https:\\\/\\\/secure.gravatar.com\\\/avatar\\\/710bb2126e385438035119a77e161381f9aa64fa9e86758c7ff10416852768b8?s=96&d=mm&r=g\",\"contentUrl\":\"https:\\\/\\\/secure.gravatar.com\\\/avatar\\\/710bb2126e385438035119a77e161381f9aa64fa9e86758c7ff10416852768b8?s=96&d=mm&r=g\",\"caption\":\"Cinematikos\"},\"logo\":{\"@id\":\"https:\\\/\\\/secure.gravatar.com\\\/avatar\\\/710bb2126e385438035119a77e161381f9aa64fa9e86758c7ff10416852768b8?s=96&d=mm&r=g\"},\"sameAs\":[\"https:\\\/\\\/cinematikos.com\"]}]}<\/script>\n<!-- \/ Yoast SEO plugin. -->","yoast_head_json":{"title":"Acerca de Cinematikos - Cinematikos","description":"Ninguna pel\u00edcula es perfecta. Cinematikos est\u00e1 pensado para esa gente que lo \u00fanico que desea es poder hablar de sus pel\u00edculas favoritas sin parar.","robots":{"index":"index","follow":"follow","max-snippet":"max-snippet:-1","max-image-preview":"max-image-preview:large","max-video-preview":"max-video-preview:-1"},"canonical":"https:\/\/cinematikos.com\/en\/acerca-de-cinematikos\/","og_locale":"en_US","og_type":"article","og_title":"Acerca de Cinematikos - Cinematikos","og_description":"Ninguna pel\u00edcula es perfecta. Cinematikos est\u00e1 pensado para esa gente que lo \u00fanico que desea es poder hablar de sus pel\u00edculas favoritas sin parar.","og_url":"https:\/\/cinematikos.com\/en\/acerca-de-cinematikos\/","og_site_name":"CINEMATIKOS","article_modified_time":"2020-08-13T17:46:09+00:00","og_image":[{"url":"https:\/\/cinematikos.com\/wp-content\/uploads\/2020\/07\/CINEMATIKOS-2.png","type":"","width":"","height":""}],"twitter_card":"summary_large_image","twitter_misc":{"Est. reading time":"1 minute"},"schema":{"@context":"https:\/\/schema.org","@graph":[{"@type":"WebPage","@id":"https:\/\/cinematikos.com\/acerca-de-cinematikos","url":"https:\/\/cinematikos.com\/acerca-de-cinematikos","name":"Acerca de Cinematikos - Cinematikos","isPartOf":{"@id":"https:\/\/cinematikos.com\/#website"},"primaryImageOfPage":{"@id":"https:\/\/cinematikos.com\/acerca-de-cinematikos#primaryimage"},"image":{"@id":"https:\/\/cinematikos.com\/acerca-de-cinematikos#primaryimage"},"thumbnailUrl":"https:\/\/cinematikos.com\/wp-content\/uploads\/2020\/07\/CINEMATIKOS-2.png","datePublished":"2020-08-12T18:11:41+00:00","dateModified":"2020-08-13T17:46:09+00:00","description":"Ninguna pel\u00edcula es perfecta. Cinematikos est\u00e1 pensado para esa gente que lo \u00fanico que desea es poder hablar de sus pel\u00edculas favoritas sin parar.","breadcrumb":{"@id":"https:\/\/cinematikos.com\/acerca-de-cinematikos#breadcrumb"},"inLanguage":"en-US","potentialAction":[{"@type":"ReadAction","target":["https:\/\/cinematikos.com\/acerca-de-cinematikos"]}]},{"@type":"ImageObject","inLanguage":"en-US","@id":"https:\/\/cinematikos.com\/acerca-de-cinematikos#primaryimage","url":"https:\/\/cinematikos.com\/wp-content\/uploads\/2020\/07\/CINEMATIKOS-2.png","contentUrl":"https:\/\/cinematikos.com\/wp-content\/uploads\/2020\/07\/CINEMATIKOS-2.png"},{"@type":"BreadcrumbList","@id":"https:\/\/cinematikos.com\/acerca-de-cinematikos#breadcrumb","itemListElement":[{"@type":"ListItem","position":1,"name":"Portada","item":"https:\/\/cinematikos.com\/"},{"@type":"ListItem","position":2,"name":"ACERCA DE CINEMATIKOS"}]},{"@type":"WebSite","@id":"https:\/\/cinematikos.com\/#website","url":"https:\/\/cinematikos.com\/","name":"Cinematikos - Lo mejor y lo peor","description":"","publisher":{"@id":"https:\/\/cinematikos.com\/#\/schema\/person\/48a314e442ae234a418082808ba11960"},"potentialAction":[{"@type":"SearchAction","target":{"@type":"EntryPoint","urlTemplate":"https:\/\/cinematikos.com\/?s={search_term_string}"},"query-input":{"@type":"PropertyValueSpecification","valueRequired":true,"valueName":"search_term_string"}}],"inLanguage":"en-US"},{"@type":["Person","Organization"],"@id":"https:\/\/cinematikos.com\/#\/schema\/person\/48a314e442ae234a418082808ba11960","name":"Cinematikos","image":{"@type":"ImageObject","inLanguage":"en-US","@id":"https:\/\/secure.gravatar.com\/avatar\/710bb2126e385438035119a77e161381f9aa64fa9e86758c7ff10416852768b8?s=96&d=mm&r=g","url":"https:\/\/secure.gravatar.com\/avatar\/710bb2126e385438035119a77e161381f9aa64fa9e86758c7ff10416852768b8?s=96&d=mm&r=g","contentUrl":"https:\/\/secure.gravatar.com\/avatar\/710bb2126e385438035119a77e161381f9aa64fa9e86758c7ff10416852768b8?s=96&d=mm&r=g","caption":"Cinematikos"},"logo":{"@id":"https:\/\/secure.gravatar.com\/avatar\/710bb2126e385438035119a77e161381f9aa64fa9e86758c7ff10416852768b8?s=96&d=mm&r=g"},"sameAs":["https:\/\/cinematikos.com"]}]}},"_links":{"self":[{"href":"https:\/\/cinematikos.com\/en\/wp-json\/wp\/v2\/pages\/517","targetHints":{"allow":["GET"]}}],"collection":[{"href":"https:\/\/cinematikos.com\/en\/wp-json\/wp\/v2\/pages"}],"about":[{"href":"https:\/\/cinematikos.com\/en\/wp-json\/wp\/v2\/types\/page"}],"author":[{"embeddable":true,"href":"https:\/\/cinematikos.com\/en\/wp-json\/wp\/v2\/users\/1"}],"replies":[{"embeddable":true,"href":"https:\/\/cinematikos.com\/en\/wp-json\/wp\/v2\/comments?post=517"}],"version-history":[{"count":5,"href":"https:\/\/cinematikos.com\/en\/wp-json\/wp\/v2\/pages\/517\/revisions"}],"predecessor-version":[{"id":579,"href":"https:\/\/cinematikos.com\/en\/wp-json\/wp\/v2\/pages\/517\/revisions\/579"}],"wp:attachment":[{"href":"https:\/\/cinematikos.com\/en\/wp-json\/wp\/v2\/media?parent=517"}],"curies":[{"name":"wp","href":"https:\/\/api.w.org\/{rel}","templated":true}]}}