{"id":3,"date":"2020-07-14T10:10:26","date_gmt":"2020-07-14T10:10:26","guid":{"rendered":"http:\/\/cinematikos.com\/?page_id=3"},"modified":"2020-08-12T18:30:12","modified_gmt":"2020-08-12T18:30:12","slug":"politica-privacidad-cinematikos","status":"publish","type":"page","link":"https:\/\/cinematikos.com\/en\/politica-privacidad-cinematikos","title":{"rendered":"POL\u00cdTICA DE PRIVACIDAD"},"content":{"rendered":"<h2 class=\"wp-block-heading\">QUI\u00c9NES SOMOS<\/h2>\n\n\n\n<p>Nuestro sitio web es: https:\/\/cinematikos.com.<\/p>\n\n\n\n<br>\n\n\n\n<h2 class=\"wp-block-heading\">QU\u00c9 DATOS PERSONALES RECOGEMOS Y POR QU\u00c9 RAZ\u00d3N <\/h2>\n\n\n\n<h3 class=\"wp-block-heading\">Comentarios<\/h3>\n\n\n\n<p>Cuando los visitantes dejan comentarios en el sitio, recopilamos los datos que se muestran en el formulario de comentarios, adem\u00e1s de la direcci\u00f3n IP del visitante y la cadena del agente de usuario del navegador para ayudar a la detecci\u00f3n de spam.<\/p>\n\n\n\n<p>Se puede proporcionar una cadena an\u00f3nima creada a partir de su direcci\u00f3n de correo electr\u00f3nico (tambi\u00e9n llamada hash) al servicio Gravatar para ver si la est\u00e1 utilizando. La pol\u00edtica de privacidad del servicio Gravatar est\u00e1 disponible <a href=\"https:\/\/automattic.com\/privacy\/\" target=\"_blank\" aria-label=\"undefined (abre en una nueva pesta\u00f1a)\" rel=\"noreferrer noopener\">aqu\u00ed<\/a>. Despu\u00e9s de la aprobaci\u00f3n de su comentario, su foto de perfil es visible para el p\u00fablico en el contexto de su comentario.<\/p>\n\n\n\n<h3 class=\"wp-block-heading\">Contenido Multimedia<\/h3>\n\n\n\n<p>Si carga im\u00e1genes en el sitio web, debe evitar cargar im\u00e1genes con datos de ubicaci\u00f3n incrustados incluidos (GPS EXIF). Los visitantes del sitio web pueden descargar y extraer los datos de ubicaci\u00f3n de las im\u00e1genes del sitio web.<\/p>\n\n\n\n<h3 class=\"wp-block-heading\">Cookies<\/h3>\n\n\n\n<p>Si deja un comentario en nuestro sitio, puede optar por guardar su nombre, direcci\u00f3n de correo electr\u00f3nico y sitio web en cookies. Esto se hace para que no tenga que completar sus datos nuevamente cuando deje otro comentario. Estas cookies durar\u00e1n un a\u00f1o.<\/p>\n\n\n\n<p>Si visita nuestra p\u00e1gina de inicio de sesi\u00f3n, estableceremos una cookie temporal para determinar si su navegador acepta cookies. Esta cookie no contiene datos personales y se descarta cuando cierra su navegador.<\/p>\n\n\n\n<p>Cuando inicie sesi\u00f3n, tambi\u00e9n configuraremos varias cookies para guardar su informaci\u00f3n de inicio de sesi\u00f3n y sus opciones de visualizaci\u00f3n en pantalla. Las cookies de inicio de sesi\u00f3n duran dos d\u00edas y las cookies de opciones de pantalla duran un a\u00f1o. Si selecciona \u00ab<strong>Recordarme<\/strong>\u00ab, su inicio de sesi\u00f3n persistir\u00e1 durante dos semanas. Si cierra sesi\u00f3n en su cuenta, se eliminar\u00e1n las cookies de inicio de sesi\u00f3n.<\/p>\n\n\n\n<p>Si edita o publica un art\u00edculo, se guardar\u00e1 una cookie adicional en su navegador. Esta cookie no incluye datos personales y simplemente indica el ID de publicaci\u00f3n del art\u00edculo que acaba de editar. Caduca despu\u00e9s de 1 d\u00eda.<\/p>\n\n\n\n<h3 class=\"wp-block-heading\">Contenido embebido de otras p\u00e1ginas web<\/h3>\n\n\n\n<p>Los art\u00edculos en este sitio pueden incluir contenido integrado (por ejemplo, videos, im\u00e1genes, art\u00edculos, etc.). El contenido integrado de otros sitios web se comporta exactamente de la misma manera que si el visitante hubiera visitado el otro sitio web.<\/p>\n\n\n\n<p>Estos sitios web pueden recopilar datos sobre usted, usar cookies, incrustar seguimiento adicional de terceros y monitorear su interacci\u00f3n con ese contenido incrustado, incluido el seguimiento de su interacci\u00f3n con el contenido incrustado si tiene una cuenta y ha iniciado sesi\u00f3n en ese sitio web.<\/p>\n\n\n\n<br>\n\n\n\n<h2 class=\"wp-block-heading\">CU\u00c1NTO TIEMPO RETENEMOS TUS DATOS<\/h2>\n\n\n\n<p>Si deja un comentario, el comentario y sus metadatos quedan retenidos indefinidamente. Esto se hace para que podamos reconocer y aprobar los comentarios de seguimiento autom\u00e1ticamente en lugar de mantenerlos en una cola de moderaci\u00f3n.<\/p>\n\n\n\n<p>Para los usuarios que se registran en nuestro sitio web (si corresponde), tambi\u00e9n almacenamos la informaci\u00f3n personal que proporcionan en su perfil de usuario. Todos los usuarios pueden ver, editar o eliminar su informaci\u00f3n personal en cualquier momento (excepto que no pueden cambiar su nombre de usuario). Los administradores del sitio web tambi\u00e9n pueden ver y editar esa informaci\u00f3n.<\/p>\n\n\n\n<br>\n\n\n\n<h2 class=\"wp-block-heading\">QU\u00c9 DERECHOS TENEMOS SOBRE TUS DATOS<\/h2>\n\n\n\n<p>Si tiene una cuenta en este sitio o ha dejado comentarios, puede solicitar recibir un archivo exportado de los datos personales que tenemos sobre usted, incluidos los datos que nos haya proporcionado. Tambi\u00e9n puede solicitar que borremos cualquier informaci\u00f3n personal que tengamos sobre usted. Esto no incluye ning\u00fan dato que estemos obligados a conservar con fines administrativos, legales o de seguridad.<\/p>\n\n\n\n<br>\n\n\n\n<h2 class=\"wp-block-heading\">D\u00d3NDE ENVIAMOS TUS DATOS<\/h2>\n\n\n\n<p>Los comentarios de los visitantes pueden verificarse a trav\u00e9s de un servicio automatizado de detecci\u00f3n de spam.<\/p>","protected":false},"excerpt":{"rendered":"<p>QUI\u00c9NES SOMOS Nuestro sitio web es: https:\/\/cinematikos.com. QU\u00c9 DATOS PERSONALES RECOGEMOS Y POR QU\u00c9 RAZ\u00d3N<\/p>","protected":false},"author":1,"featured_media":0,"parent":0,"menu_order":0,"comment_status":"closed","ping_status":"open","template":"","meta":{"footnotes":""},"class_list":["post-3","page","type-page","status-publish","hentry"],"yoast_head":"<!-- This site is optimized with the Yoast SEO plugin v27.3 - https:\/\/yoast.com\/product\/yoast-seo-wordpress\/ -->\n<title>Pol\u00edtica de Privacidad - Cinematikos<\/title>\n<meta name=\"description\" content=\"Echa un vistazo a la pol\u00edtica de privacidad de Cinematikos. Aprende c\u00f3mo gestionamos tus datos y que es lo que hacemos con ellos.\" \/>\n<meta name=\"robots\" content=\"index, follow, max-snippet:-1, max-image-preview:large, max-video-preview:-1\" \/>\n<link rel=\"canonical\" href=\"https:\/\/cinematikos.com\/en\/politica-privacidad-cinematikos\/\" \/>\n<meta property=\"og:locale\" content=\"en_US\" \/>\n<meta property=\"og:type\" content=\"article\" \/>\n<meta property=\"og:title\" content=\"Pol\u00edtica de Privacidad - Cinematikos\" \/>\n<meta property=\"og:description\" content=\"Echa un vistazo a la pol\u00edtica de privacidad de Cinematikos. Aprende c\u00f3mo gestionamos tus datos y que es lo que hacemos con ellos.\" \/>\n<meta property=\"og:url\" content=\"https:\/\/cinematikos.com\/en\/politica-privacidad-cinematikos\/\" \/>\n<meta property=\"og:site_name\" content=\"CINEMATIKOS\" \/>\n<meta property=\"article:modified_time\" content=\"2020-08-12T18:30:12+00:00\" \/>\n<meta name=\"twitter:card\" content=\"summary_large_image\" \/>\n<meta name=\"twitter:label1\" content=\"Est. reading time\" \/>\n\t<meta name=\"twitter:data1\" content=\"3 minutes\" \/>\n<script type=\"application\/ld+json\" class=\"yoast-schema-graph\">{\"@context\":\"https:\\\/\\\/schema.org\",\"@graph\":[{\"@type\":\"WebPage\",\"@id\":\"https:\\\/\\\/cinematikos.com\\\/politica-privacidad-cinematikos\",\"url\":\"https:\\\/\\\/cinematikos.com\\\/politica-privacidad-cinematikos\",\"name\":\"Pol\u00edtica de Privacidad - Cinematikos\",\"isPartOf\":{\"@id\":\"https:\\\/\\\/cinematikos.com\\\/#website\"},\"datePublished\":\"2020-07-14T10:10:26+00:00\",\"dateModified\":\"2020-08-12T18:30:12+00:00\",\"description\":\"Echa un vistazo a la pol\u00edtica de privacidad de Cinematikos. Aprende c\u00f3mo gestionamos tus datos y que es lo que hacemos con ellos.\",\"breadcrumb\":{\"@id\":\"https:\\\/\\\/cinematikos.com\\\/politica-privacidad-cinematikos#breadcrumb\"},\"inLanguage\":\"en-US\",\"potentialAction\":[{\"@type\":\"ReadAction\",\"target\":[\"https:\\\/\\\/cinematikos.com\\\/politica-privacidad-cinematikos\"]}]},{\"@type\":\"BreadcrumbList\",\"@id\":\"https:\\\/\\\/cinematikos.com\\\/politica-privacidad-cinematikos#breadcrumb\",\"itemListElement\":[{\"@type\":\"ListItem\",\"position\":1,\"name\":\"Portada\",\"item\":\"https:\\\/\\\/cinematikos.com\\\/\"},{\"@type\":\"ListItem\",\"position\":2,\"name\":\"POL\u00cdTICA DE PRIVACIDAD\"}]},{\"@type\":\"WebSite\",\"@id\":\"https:\\\/\\\/cinematikos.com\\\/#website\",\"url\":\"https:\\\/\\\/cinematikos.com\\\/\",\"name\":\"Cinematikos - Lo mejor y lo peor\",\"description\":\"\",\"publisher\":{\"@id\":\"https:\\\/\\\/cinematikos.com\\\/#\\\/schema\\\/person\\\/48a314e442ae234a418082808ba11960\"},\"potentialAction\":[{\"@type\":\"SearchAction\",\"target\":{\"@type\":\"EntryPoint\",\"urlTemplate\":\"https:\\\/\\\/cinematikos.com\\\/?s={search_term_string}\"},\"query-input\":{\"@type\":\"PropertyValueSpecification\",\"valueRequired\":true,\"valueName\":\"search_term_string\"}}],\"inLanguage\":\"en-US\"},{\"@type\":[\"Person\",\"Organization\"],\"@id\":\"https:\\\/\\\/cinematikos.com\\\/#\\\/schema\\\/person\\\/48a314e442ae234a418082808ba11960\",\"name\":\"Cinematikos\",\"image\":{\"@type\":\"ImageObject\",\"inLanguage\":\"en-US\",\"@id\":\"https:\\\/\\\/secure.gravatar.com\\\/avatar\\\/710bb2126e385438035119a77e161381f9aa64fa9e86758c7ff10416852768b8?s=96&d=mm&r=g\",\"url\":\"https:\\\/\\\/secure.gravatar.com\\\/avatar\\\/710bb2126e385438035119a77e161381f9aa64fa9e86758c7ff10416852768b8?s=96&d=mm&r=g\",\"contentUrl\":\"https:\\\/\\\/secure.gravatar.com\\\/avatar\\\/710bb2126e385438035119a77e161381f9aa64fa9e86758c7ff10416852768b8?s=96&d=mm&r=g\",\"caption\":\"Cinematikos\"},\"logo\":{\"@id\":\"https:\\\/\\\/secure.gravatar.com\\\/avatar\\\/710bb2126e385438035119a77e161381f9aa64fa9e86758c7ff10416852768b8?s=96&d=mm&r=g\"},\"sameAs\":[\"https:\\\/\\\/cinematikos.com\"]}]}<\/script>\n<!-- \/ Yoast SEO plugin. -->","yoast_head_json":{"title":"Pol\u00edtica de Privacidad - Cinematikos","description":"Echa un vistazo a la pol\u00edtica de privacidad de Cinematikos. Aprende c\u00f3mo gestionamos tus datos y que es lo que hacemos con ellos.","robots":{"index":"index","follow":"follow","max-snippet":"max-snippet:-1","max-image-preview":"max-image-preview:large","max-video-preview":"max-video-preview:-1"},"canonical":"https:\/\/cinematikos.com\/en\/politica-privacidad-cinematikos\/","og_locale":"en_US","og_type":"article","og_title":"Pol\u00edtica de Privacidad - Cinematikos","og_description":"Echa un vistazo a la pol\u00edtica de privacidad de Cinematikos. Aprende c\u00f3mo gestionamos tus datos y que es lo que hacemos con ellos.","og_url":"https:\/\/cinematikos.com\/en\/politica-privacidad-cinematikos\/","og_site_name":"CINEMATIKOS","article_modified_time":"2020-08-12T18:30:12+00:00","twitter_card":"summary_large_image","twitter_misc":{"Est. reading time":"3 minutes"},"schema":{"@context":"https:\/\/schema.org","@graph":[{"@type":"WebPage","@id":"https:\/\/cinematikos.com\/politica-privacidad-cinematikos","url":"https:\/\/cinematikos.com\/politica-privacidad-cinematikos","name":"Pol\u00edtica de Privacidad - Cinematikos","isPartOf":{"@id":"https:\/\/cinematikos.com\/#website"},"datePublished":"2020-07-14T10:10:26+00:00","dateModified":"2020-08-12T18:30:12+00:00","description":"Echa un vistazo a la pol\u00edtica de privacidad de Cinematikos. Aprende c\u00f3mo gestionamos tus datos y que es lo que hacemos con ellos.","breadcrumb":{"@id":"https:\/\/cinematikos.com\/politica-privacidad-cinematikos#breadcrumb"},"inLanguage":"en-US","potentialAction":[{"@type":"ReadAction","target":["https:\/\/cinematikos.com\/politica-privacidad-cinematikos"]}]},{"@type":"BreadcrumbList","@id":"https:\/\/cinematikos.com\/politica-privacidad-cinematikos#breadcrumb","itemListElement":[{"@type":"ListItem","position":1,"name":"Portada","item":"https:\/\/cinematikos.com\/"},{"@type":"ListItem","position":2,"name":"POL\u00cdTICA DE PRIVACIDAD"}]},{"@type":"WebSite","@id":"https:\/\/cinematikos.com\/#website","url":"https:\/\/cinematikos.com\/","name":"Cinematikos - Lo mejor y lo peor","description":"","publisher":{"@id":"https:\/\/cinematikos.com\/#\/schema\/person\/48a314e442ae234a418082808ba11960"},"potentialAction":[{"@type":"SearchAction","target":{"@type":"EntryPoint","urlTemplate":"https:\/\/cinematikos.com\/?s={search_term_string}"},"query-input":{"@type":"PropertyValueSpecification","valueRequired":true,"valueName":"search_term_string"}}],"inLanguage":"en-US"},{"@type":["Person","Organization"],"@id":"https:\/\/cinematikos.com\/#\/schema\/person\/48a314e442ae234a418082808ba11960","name":"Cinematikos","image":{"@type":"ImageObject","inLanguage":"en-US","@id":"https:\/\/secure.gravatar.com\/avatar\/710bb2126e385438035119a77e161381f9aa64fa9e86758c7ff10416852768b8?s=96&d=mm&r=g","url":"https:\/\/secure.gravatar.com\/avatar\/710bb2126e385438035119a77e161381f9aa64fa9e86758c7ff10416852768b8?s=96&d=mm&r=g","contentUrl":"https:\/\/secure.gravatar.com\/avatar\/710bb2126e385438035119a77e161381f9aa64fa9e86758c7ff10416852768b8?s=96&d=mm&r=g","caption":"Cinematikos"},"logo":{"@id":"https:\/\/secure.gravatar.com\/avatar\/710bb2126e385438035119a77e161381f9aa64fa9e86758c7ff10416852768b8?s=96&d=mm&r=g"},"sameAs":["https:\/\/cinematikos.com"]}]}},"_links":{"self":[{"href":"https:\/\/cinematikos.com\/en\/wp-json\/wp\/v2\/pages\/3","targetHints":{"allow":["GET"]}}],"collection":[{"href":"https:\/\/cinematikos.com\/en\/wp-json\/wp\/v2\/pages"}],"about":[{"href":"https:\/\/cinematikos.com\/en\/wp-json\/wp\/v2\/types\/page"}],"author":[{"embeddable":true,"href":"https:\/\/cinematikos.com\/en\/wp-json\/wp\/v2\/users\/1"}],"replies":[{"embeddable":true,"href":"https:\/\/cinematikos.com\/en\/wp-json\/wp\/v2\/comments?post=3"}],"version-history":[{"count":5,"href":"https:\/\/cinematikos.com\/en\/wp-json\/wp\/v2\/pages\/3\/revisions"}],"predecessor-version":[{"id":528,"href":"https:\/\/cinematikos.com\/en\/wp-json\/wp\/v2\/pages\/3\/revisions\/528"}],"wp:attachment":[{"href":"https:\/\/cinematikos.com\/en\/wp-json\/wp\/v2\/media?parent=3"}],"curies":[{"name":"wp","href":"https:\/\/api.w.org\/{rel}","templated":true}]}}